{"id":4547,"date":"2021-05-24T10:37:33","date_gmt":"2021-05-24T07:37:33","guid":{"rendered":"https:\/\/inandout.fi\/palvelut\/"},"modified":"2021-08-31T21:25:39","modified_gmt":"2021-08-31T18:25:39","slug":"services","status":"publish","type":"page","link":"https:\/\/inandout.fi\/en\/services\/","title":{"rendered":"Services"},"content":{"rendered":"<div class=\"wpb-content-wrapper\"><p>[vc_row full_width=&#8221;stretch_row&#8221; bg_type=&#8221;image&#8221; parallax_style=&#8221;vcpb-default&#8221; bg_image_new=&#8221;id^1706|url^https:\/\/inandout.fi\/wp-content\/uploads\/2021\/05\/palvelut-myyjalle-in-and-out-1.jpg|caption^null|alt^null|title^palvelut-myyjalle-in-and-out-1|description^null&#8221; bg_image_repeat=&#8221;no-repeat&#8221; bg_override=&#8221;full&#8221;][vc_column][vc_empty_space height=&#8221;250&#8243;][vc_row_inner][vc_column_inner width=&#8221;1\/4&#8243;][\/vc_column_inner][vc_column_inner width=&#8221;1\/2&#8243; css=&#8221;.vc_custom_1622206351980{background-color: rgba(241,115,26,0.76) !important;*background-color: rgb(241,115,26) !important;}&#8221;][vc_column_text el_class=&#8221;text-white&#8221;]<\/p>\n<div class=\"elementor-column elementor-col-50 elementor-top-column elementor-element elementor-element-e540fc3\" data-id=\"e540fc3\" data-element_type=\"column\" data-settings=\"{&quot;background_background&quot;:&quot;classic&quot;}\">\n<div class=\"elementor-column-wrap elementor-element-populated\">\n<div class=\"elementor-widget-wrap\">\n<div class=\"elementor-element elementor-element-eed3a35 elementor-widget elementor-widget-heading\" data-id=\"eed3a35\" data-element_type=\"widget\" data-widget_type=\"heading.default\">\n<div class=\"elementor-widget-container\">\n<h2 class=\"elementor-heading-title elementor-size-default\" style=\"text-align: center;\">Services<\/h2>\n<\/div>\n<\/div>\n<\/div>\n<\/div>\n<\/div>\n<p>[\/vc_column_text][\/vc_column_inner][vc_column_inner width=&#8221;1\/4&#8243;][\/vc_column_inner][\/vc_row_inner][vc_empty_space height=&#8221;250&#8243;][\/vc_column][\/vc_row][vc_row full_width=&#8221;stretch_row&#8221; gap=&#8221;35&#8243; bg_type=&#8221;bg_color&#8221; bg_color_value=&#8221;#f4f4f4&#8243;][vc_column][vc_empty_space height=&#8221;50&#8243;][vc_column_text el_class=&#8221;decorative&#8221;]<\/p>\n<h3>OUR SERVICE INCLUDE:<\/h3>\n<p>[\/vc_column_text][vc_row_inner][vc_column_inner width=&#8221;1\/2&#8243;][vc_column_text el_class=&#8221;interesting-row second&#8221;]<\/p>\n<ul>\n<li class=\"elementor-icon-list-item\">Obtaining documents and necessary information<\/li>\n<li class=\"elementor-icon-list-item\">High quality pictures of properties<\/li>\n<li class=\"elementor-icon-list-item\">Real estate presentations<\/li>\n<li class=\"elementor-icon-list-item\">Versatile Internet marketing: Oikotie.fi, Facebook. Ass an additional service Etuovi.com, Prian.ru, Huutokauppa.com, Toimilat.fi<\/li>\n<\/ul>\n<p>[\/vc_column_text][\/vc_column_inner][vc_column_inner width=&#8221;1\/2&#8243;][vc_column_text el_class=&#8221;interesting-row second&#8221;]<\/p>\n<ul>\n<li class=\"elementor-icon-list-item\">In advertising magazines: Uutisvuoksi, Etel\u00e4-Saimaa. And available as an additional service: Kauppalehti, Helsingin sanomat, Yritt\u00e4j\u00e4Sanomat, Delovoj Pererburg<\/li>\n<li class=\"elementor-icon-list-item\">Preparation of a deal of sale<\/li>\n<li class=\"elementor-icon-list-item\">Arrangements included in the transaction<\/li>\n<li class=\"elementor-icon-list-item\">Aftercare: processing and submitting documents to the property manager (housing shares)<\/li>\n<\/ul>\n<p>[\/vc_column_text][\/vc_column_inner][\/vc_row_inner][\/vc_column][\/vc_row][vc_row full_width=&#8221;stretch_row&#8221; equal_height=&#8221;yes&#8221;][vc_column width=&#8221;1\/2&#8243;][vc_empty_space height=&#8221;50&#8243;][vc_column_text el_class=&#8221;decorative&#8221;]<\/p>\n<h3>OTHER SERVICES<\/h3>\n<p>[\/vc_column_text][vc_column_text el_class=&#8221;interesting-row second&#8221;]<\/p>\n<ul>\n<li>Preparing the deed of gift<\/li>\n<li>Assessing the value of the house or apartment<\/li>\n<li class=\"elementor-icon-list-item\">Public purchase witness services<\/li>\n<li class=\"elementor-icon-list-item\">Claim for title<\/li>\n<\/ul>\n<p>[\/vc_column_text][\/vc_column][vc_column parallax=&#8221;content-moving&#8221; parallax_image=&#8221;1765&#8243; width=&#8221;1\/2&#8243; el_class=&#8221;mobile-hidden&#8221;][\/vc_column][\/vc_row][vc_row full_width=&#8221;stretch_row&#8221; bg_type=&#8221;bg_color&#8221; bg_color_value=&#8221;#3b7b32&#8243;][vc_column][vc_empty_space height=&#8221;50&#8243;][vc_column_text el_class=&#8221;text-white&#8221;]<\/p>\n<h2 style=\"text-align: center;\">Our company takes care of everything for you from start to finish.<\/h2>\n<h3 style=\"text-align: center;\">We are looking for a tenant in the market who is suitable for the business space you offer. We check the background information of the rental provider to make the rental go as desired.<\/h3>\n<p>[\/vc_column_text][vc_empty_space height=&#8221;50&#8243;][\/vc_column][\/vc_row][vc_row full_width=&#8221;stretch_row_content&#8221; gap=&#8221;35&#8243; equal_height=&#8221;yes&#8221;][vc_column parallax=&#8221;content-moving&#8221; parallax_image=&#8221;1775&#8243; parallax_speed_bg=&#8221;1&#8243; css_animation=&#8221;slideInLeft&#8221; width=&#8221;1\/2&#8243; el_class=&#8221;mobile-hidden&#8221;][\/vc_column][vc_column width=&#8221;1\/2&#8243;][vc_empty_space height=&#8221;50&#8243;][vc_column_text el_class=&#8221;decorative&#8221;]<\/p>\n<h3>SERVICES FOR BUYERS AND TENANTS<\/h3>\n<p>[\/vc_column_text][vc_column_text]The available sales and rental properties are displayed on our website and you can choose the right property for you. If you do not find what you want in the properties for sale or rent, we will look for the most suitable apartment or property for you. If necessary, you can leave us a purchase or rental order and we will inform you when a suitable item is found.[\/vc_column_text][vc_empty_space height=&#8221;50&#8243;][vc_column_text el_class=&#8221;decorative&#8221;]<\/p>\n<h3>CONSUMER INFORMATION:<\/h3>\n<p>[\/vc_column_text][vc_column_text]If the dispute between the broker and the consumer cannot be resolved through negotiations between the parties, the consumer may refer the matter to the Consumer Disputes Board. Before taking the matter to the Consumer Disputes Board, the consumer must contact the Consumer Advice of the Local Register Office.<\/p>\n<p>Of course, the normal court process is also available to the parties.[\/vc_column_text][vc_empty_space height=&#8221;50&#8243;][\/vc_column][\/vc_row]<\/p>\n<\/div>","protected":false},"excerpt":{"rendered":"<p>[vc_row full_width=&#8221;stretch_row&#8221; bg_type=&#8221;image&#8221; parallax_style=&#8221;vcpb-default&#8221; bg_image_new=&#8221;id^1706|url^https:\/\/inandout.fi\/wp-content\/uploads\/2021\/05\/palvelut-myyjalle-in-and-out-1.jpg|caption^null|alt^null|title^palvelut-myyjalle-in-and-out-1|description^null&#8221; bg_image_repeat=&#8221;no-repeat&#8221; bg_override=&#8221;full&#8221;][vc_column][vc_empty_space height=&#8221;250&#8243;][vc_row_inner][vc_column_inner width=&#8221;1\/4&#8243;][\/vc_column_inner][vc_column_inner width=&#8221;1\/2&#8243; css=&#8221;.vc_custom_1622206351980{background-color: rgba(241,115,26,0.76) !important;*background-color: rgb(241,115,26) !important;}&#8221;][vc_column_text el_class=&#8221;text-white&#8221;] Services [\/vc_column_text][\/vc_column_inner][vc_column_inner width=&#8221;1\/4&#8243;][\/vc_column_inner][\/vc_row_inner][vc_empty_space height=&#8221;250&#8243;][\/vc_column][\/vc_row][vc_row full_width=&#8221;stretch_row&#8221; gap=&#8221;35&#8243; bg_type=&#8221;bg_color&#8221; bg_color_value=&#8221;#f4f4f4&#8243;][vc_column][vc_empty_space height=&#8221;50&#8243;][vc_column_text el_class=&#8221;decorative&#8221;] OUR SERVICE INCLUDE: [\/vc_column_text][vc_row_inner][vc_column_inner width=&#8221;1\/2&#8243;][vc_column_text el_class=&#8221;interesting-row second&#8221;] Obtaining documents and necessary information High quality pictures of properties Real estate presentations Versatile Internet marketing: Oikotie.fi, Facebook. Ass an additional service &#8230; <a title=\"Services\" class=\"read-more\" href=\"https:\/\/inandout.fi\/en\/services\/\" aria-label=\"More on Services\">Read more<\/a><\/p>\n","protected":false},"author":1,"featured_media":0,"parent":0,"menu_order":0,"comment_status":"closed","ping_status":"closed","template":"","meta":{"_acf_changed":false,"footnotes":""},"class_list":["post-4547","page","type-page","status-publish"],"acf":[],"yoast_head":"<!-- This site is optimized with the Yoast SEO plugin v27.3 - https:\/\/yoast.com\/product\/yoast-seo-wordpress\/ -->\n<title>Services - In and Out<\/title>\n<meta name=\"robots\" content=\"index, follow, max-snippet:-1, max-image-preview:large, max-video-preview:-1\" \/>\n<link rel=\"canonical\" href=\"https:\/\/inandout.fi\/en\/services\/\" \/>\n<meta property=\"og:locale\" content=\"en_US\" \/>\n<meta property=\"og:type\" content=\"article\" \/>\n<meta property=\"og:title\" content=\"Services - In and Out\" \/>\n<meta property=\"og:description\" content=\"[vc_row full_width=&#8221;stretch_row&#8221; bg_type=&#8221;image&#8221; parallax_style=&#8221;vcpb-default&#8221; bg_image_new=&#8221;id^1706|url^https:\/\/inandout.fi\/wp-content\/uploads\/2021\/05\/palvelut-myyjalle-in-and-out-1.jpg|caption^null|alt^null|title^palvelut-myyjalle-in-and-out-1|description^null&#8221; bg_image_repeat=&#8221;no-repeat&#8221; bg_override=&#8221;full&#8221;][vc_column][vc_empty_space height=&#8221;250&#8243;][vc_row_inner][vc_column_inner width=&#8221;1\/4&#8243;][\/vc_column_inner][vc_column_inner width=&#8221;1\/2&#8243; css=&#8221;.vc_custom_1622206351980{background-color: rgba(241,115,26,0.76) !important;*background-color: rgb(241,115,26) !important;}&#8221;][vc_column_text el_class=&#8221;text-white&#8221;] Services [\/vc_column_text][\/vc_column_inner][vc_column_inner width=&#8221;1\/4&#8243;][\/vc_column_inner][\/vc_row_inner][vc_empty_space height=&#8221;250&#8243;][\/vc_column][\/vc_row][vc_row full_width=&#8221;stretch_row&#8221; gap=&#8221;35&#8243; bg_type=&#8221;bg_color&#8221; bg_color_value=&#8221;#f4f4f4&#8243;][vc_column][vc_empty_space height=&#8221;50&#8243;][vc_column_text el_class=&#8221;decorative&#8221;] OUR SERVICE INCLUDE: [\/vc_column_text][vc_row_inner][vc_column_inner width=&#8221;1\/2&#8243;][vc_column_text el_class=&#8221;interesting-row second&#8221;] Obtaining documents and necessary information High quality pictures of properties Real estate presentations Versatile Internet marketing: Oikotie.fi, Facebook. Ass an additional service ... Read more\" \/>\n<meta property=\"og:url\" content=\"https:\/\/inandout.fi\/en\/services\/\" \/>\n<meta property=\"og:site_name\" content=\"In and Out\" \/>\n<meta property=\"article:publisher\" content=\"https:\/\/www.facebook.com\/inandout.fi\" \/>\n<meta property=\"article:modified_time\" content=\"2021-08-31T18:25:39+00:00\" \/>\n<meta property=\"og:image\" content=\"https:\/\/inandout.fi\/wp-content\/uploads\/2021\/06\/554345.jpg\" \/>\n\t<meta property=\"og:image:width\" content=\"1920\" \/>\n\t<meta property=\"og:image:height\" content=\"1241\" \/>\n\t<meta property=\"og:image:type\" content=\"image\/jpeg\" \/>\n<meta name=\"twitter:card\" content=\"summary_large_image\" \/>\n<meta name=\"twitter:label1\" content=\"Est. reading time\" \/>\n\t<meta name=\"twitter:data1\" content=\"2 minutes\" \/>\n<script type=\"application\/ld+json\" class=\"yoast-schema-graph\">{\"@context\":\"https:\\\/\\\/schema.org\",\"@graph\":[{\"@type\":\"WebPage\",\"@id\":\"https:\\\/\\\/inandout.fi\\\/en\\\/services\\\/\",\"url\":\"https:\\\/\\\/inandout.fi\\\/en\\\/services\\\/\",\"name\":\"Services - In and Out\",\"isPartOf\":{\"@id\":\"https:\\\/\\\/inandout.fi\\\/en\\\/#website\"},\"datePublished\":\"2021-05-24T07:37:33+00:00\",\"dateModified\":\"2021-08-31T18:25:39+00:00\",\"breadcrumb\":{\"@id\":\"https:\\\/\\\/inandout.fi\\\/en\\\/services\\\/#breadcrumb\"},\"inLanguage\":\"en-US\",\"potentialAction\":[{\"@type\":\"ReadAction\",\"target\":[\"https:\\\/\\\/inandout.fi\\\/en\\\/services\\\/\"]}]},{\"@type\":\"BreadcrumbList\",\"@id\":\"https:\\\/\\\/inandout.fi\\\/en\\\/services\\\/#breadcrumb\",\"itemListElement\":[{\"@type\":\"ListItem\",\"position\":1,\"name\":\"Home\",\"item\":\"https:\\\/\\\/inandout.fi\\\/en\\\/\"},{\"@type\":\"ListItem\",\"position\":2,\"name\":\"Services\"}]},{\"@type\":\"WebSite\",\"@id\":\"https:\\\/\\\/inandout.fi\\\/en\\\/#website\",\"url\":\"https:\\\/\\\/inandout.fi\\\/en\\\/\",\"name\":\"In and Out\",\"description\":\"\",\"publisher\":{\"@id\":\"https:\\\/\\\/inandout.fi\\\/en\\\/#organization\"},\"potentialAction\":[{\"@type\":\"SearchAction\",\"target\":{\"@type\":\"EntryPoint\",\"urlTemplate\":\"https:\\\/\\\/inandout.fi\\\/en\\\/?s={search_term_string}\"},\"query-input\":{\"@type\":\"PropertyValueSpecification\",\"valueRequired\":true,\"valueName\":\"search_term_string\"}}],\"inLanguage\":\"en-US\"},{\"@type\":\"Organization\",\"@id\":\"https:\\\/\\\/inandout.fi\\\/en\\\/#organization\",\"name\":\"In and Out Oy\",\"url\":\"https:\\\/\\\/inandout.fi\\\/en\\\/\",\"logo\":{\"@type\":\"ImageObject\",\"inLanguage\":\"en-US\",\"@id\":\"https:\\\/\\\/inandout.fi\\\/en\\\/#\\\/schema\\\/logo\\\/image\\\/\",\"url\":\"https:\\\/\\\/inandout.fi\\\/wp-content\\\/uploads\\\/2021\\\/05\\\/logo.svg\",\"contentUrl\":\"https:\\\/\\\/inandout.fi\\\/wp-content\\\/uploads\\\/2021\\\/05\\\/logo.svg\",\"width\":290,\"height\":63,\"caption\":\"In and Out Oy\"},\"image\":{\"@id\":\"https:\\\/\\\/inandout.fi\\\/en\\\/#\\\/schema\\\/logo\\\/image\\\/\"},\"sameAs\":[\"https:\\\/\\\/www.facebook.com\\\/inandout.fi\",\"https:\\\/\\\/www.instagram.com\\\/in_and_out_oy\\\/\"]}]}<\/script>\n<!-- \/ Yoast SEO plugin. -->","yoast_head_json":{"title":"Services - In and Out","robots":{"index":"index","follow":"follow","max-snippet":"max-snippet:-1","max-image-preview":"max-image-preview:large","max-video-preview":"max-video-preview:-1"},"canonical":"https:\/\/inandout.fi\/en\/services\/","og_locale":"en_US","og_type":"article","og_title":"Services - In and Out","og_description":"[vc_row full_width=&#8221;stretch_row&#8221; bg_type=&#8221;image&#8221; parallax_style=&#8221;vcpb-default&#8221; bg_image_new=&#8221;id^1706|url^https:\/\/inandout.fi\/wp-content\/uploads\/2021\/05\/palvelut-myyjalle-in-and-out-1.jpg|caption^null|alt^null|title^palvelut-myyjalle-in-and-out-1|description^null&#8221; bg_image_repeat=&#8221;no-repeat&#8221; bg_override=&#8221;full&#8221;][vc_column][vc_empty_space height=&#8221;250&#8243;][vc_row_inner][vc_column_inner width=&#8221;1\/4&#8243;][\/vc_column_inner][vc_column_inner width=&#8221;1\/2&#8243; css=&#8221;.vc_custom_1622206351980{background-color: rgba(241,115,26,0.76) !important;*background-color: rgb(241,115,26) !important;}&#8221;][vc_column_text el_class=&#8221;text-white&#8221;] Services [\/vc_column_text][\/vc_column_inner][vc_column_inner width=&#8221;1\/4&#8243;][\/vc_column_inner][\/vc_row_inner][vc_empty_space height=&#8221;250&#8243;][\/vc_column][\/vc_row][vc_row full_width=&#8221;stretch_row&#8221; gap=&#8221;35&#8243; bg_type=&#8221;bg_color&#8221; bg_color_value=&#8221;#f4f4f4&#8243;][vc_column][vc_empty_space height=&#8221;50&#8243;][vc_column_text el_class=&#8221;decorative&#8221;] OUR SERVICE INCLUDE: [\/vc_column_text][vc_row_inner][vc_column_inner width=&#8221;1\/2&#8243;][vc_column_text el_class=&#8221;interesting-row second&#8221;] Obtaining documents and necessary information High quality pictures of properties Real estate presentations Versatile Internet marketing: Oikotie.fi, Facebook. Ass an additional service ... Read more","og_url":"https:\/\/inandout.fi\/en\/services\/","og_site_name":"In and Out","article_publisher":"https:\/\/www.facebook.com\/inandout.fi","article_modified_time":"2021-08-31T18:25:39+00:00","og_image":[{"width":1920,"height":1241,"url":"https:\/\/inandout.fi\/wp-content\/uploads\/2021\/06\/554345.jpg","type":"image\/jpeg"}],"twitter_card":"summary_large_image","twitter_misc":{"Est. reading time":"2 minutes"},"schema":{"@context":"https:\/\/schema.org","@graph":[{"@type":"WebPage","@id":"https:\/\/inandout.fi\/en\/services\/","url":"https:\/\/inandout.fi\/en\/services\/","name":"Services - In and Out","isPartOf":{"@id":"https:\/\/inandout.fi\/en\/#website"},"datePublished":"2021-05-24T07:37:33+00:00","dateModified":"2021-08-31T18:25:39+00:00","breadcrumb":{"@id":"https:\/\/inandout.fi\/en\/services\/#breadcrumb"},"inLanguage":"en-US","potentialAction":[{"@type":"ReadAction","target":["https:\/\/inandout.fi\/en\/services\/"]}]},{"@type":"BreadcrumbList","@id":"https:\/\/inandout.fi\/en\/services\/#breadcrumb","itemListElement":[{"@type":"ListItem","position":1,"name":"Home","item":"https:\/\/inandout.fi\/en\/"},{"@type":"ListItem","position":2,"name":"Services"}]},{"@type":"WebSite","@id":"https:\/\/inandout.fi\/en\/#website","url":"https:\/\/inandout.fi\/en\/","name":"In and Out","description":"","publisher":{"@id":"https:\/\/inandout.fi\/en\/#organization"},"potentialAction":[{"@type":"SearchAction","target":{"@type":"EntryPoint","urlTemplate":"https:\/\/inandout.fi\/en\/?s={search_term_string}"},"query-input":{"@type":"PropertyValueSpecification","valueRequired":true,"valueName":"search_term_string"}}],"inLanguage":"en-US"},{"@type":"Organization","@id":"https:\/\/inandout.fi\/en\/#organization","name":"In and Out Oy","url":"https:\/\/inandout.fi\/en\/","logo":{"@type":"ImageObject","inLanguage":"en-US","@id":"https:\/\/inandout.fi\/en\/#\/schema\/logo\/image\/","url":"https:\/\/inandout.fi\/wp-content\/uploads\/2021\/05\/logo.svg","contentUrl":"https:\/\/inandout.fi\/wp-content\/uploads\/2021\/05\/logo.svg","width":290,"height":63,"caption":"In and Out Oy"},"image":{"@id":"https:\/\/inandout.fi\/en\/#\/schema\/logo\/image\/"},"sameAs":["https:\/\/www.facebook.com\/inandout.fi","https:\/\/www.instagram.com\/in_and_out_oy\/"]}]}},"_links":{"self":[{"href":"https:\/\/inandout.fi\/en\/wp-json\/wp\/v2\/pages\/4547","targetHints":{"allow":["GET"]}}],"collection":[{"href":"https:\/\/inandout.fi\/en\/wp-json\/wp\/v2\/pages"}],"about":[{"href":"https:\/\/inandout.fi\/en\/wp-json\/wp\/v2\/types\/page"}],"author":[{"embeddable":true,"href":"https:\/\/inandout.fi\/en\/wp-json\/wp\/v2\/users\/1"}],"replies":[{"embeddable":true,"href":"https:\/\/inandout.fi\/en\/wp-json\/wp\/v2\/comments?post=4547"}],"version-history":[{"count":12,"href":"https:\/\/inandout.fi\/en\/wp-json\/wp\/v2\/pages\/4547\/revisions"}],"predecessor-version":[{"id":8949,"href":"https:\/\/inandout.fi\/en\/wp-json\/wp\/v2\/pages\/4547\/revisions\/8949"}],"wp:attachment":[{"href":"https:\/\/inandout.fi\/en\/wp-json\/wp\/v2\/media?parent=4547"}],"curies":[{"name":"wp","href":"https:\/\/api.w.org\/{rel}","templated":true}]}}