{"id":2093,"date":"2021-05-25T10:45:22","date_gmt":"2021-05-25T07:45:22","guid":{"rendered":"https:\/\/inandout.fi\/tietosuojaseloste\/"},"modified":"2021-06-07T12:02:18","modified_gmt":"2021-06-07T09:02:18","slug":"tietosuojaseloste","status":"publish","type":"page","link":"https:\/\/inandout.fi\/ru\/tietosuojaseloste\/","title":{"rendered":"Tietosuojaseloste"},"content":{"rendered":"<div class=\"wpb-content-wrapper\"><p>[vc_row][vc_column][vc_empty_space height=&#187;50&#8243;][vc_column_text el_class=&#187;decorative&#187;]<\/p>\n<h2>TIETOSUOJASELOSTE<\/h2>\n<p>[\/vc_column_text][vc_column_text]T\u00e4m\u00e4n ilmoituksen tarkoituksena on antaa tietosuoja-asetuksen (GDPR) edellytt\u00e4m\u00e4t tiedot rekister\u00f6idyille sek\u00e4 valvovalle viranomaiselle. Rekister\u00f6idyll\u00e4 tarkoitetaan sit\u00e4, jonka henkil\u00f6tietoja on j\u00e4ljemp\u00e4n\u00e4 mainitun rekisterinpit\u00e4j\u00e4n rekistereiss\u00e4.<\/p>\n<p>T\u00e4ss\u00e4 selosteessa esit\u00e4mme, mit\u00e4 henkil\u00f6tietoja ker\u00e4\u00e4mme ja miksi, kenen kanssa voimme jakaa tietoja, ja miten voit palveluidemme k\u00e4ytt\u00e4j\u00e4n\u00e4 k\u00e4ytt\u00e4\u00e4 henkil\u00f6tietojen k\u00e4sittelyyn liittyvi\u00e4 oikeuksiasi.<\/p>\n<ol>\n<li><strong>Rekisterinpit\u00e4j\u00e4<\/strong><\/li>\n<\/ol>\n<p>In and Out Oy, y-tunnus 2174125-4<br \/>\nLappeentie 13<br \/>\n55100 Imatra<br \/>\ns\u00e4hk\u00f6posti <a href=\"mailto:contact@inandout.fi\">contact@inandout.fi<\/a><\/p>\n<ol start=\"2\">\n<li><strong>Rekisterin nimi ja sis\u00e4lt\u00f6<\/strong><\/li>\n<\/ol>\n<p>Vihi -palvelun asiakas- ja markkinointirekisteri.<\/p>\n<ol start=\"3\">\n<li><strong>Henkil\u00f6tietojen k\u00e4sittelyn tarkoitus<\/strong><\/li>\n<\/ol>\n<p><strong>In and Out Oy:n vihi -verkkopalvelun tuottaminen<\/strong><\/p>\n<p>Vihi -palveluun rekister\u00f6ityneet k\u00e4ytt\u00e4j\u00e4t voivat toimia joko kiinteist\u00f6nv\u00e4lityskohteiden ilmoittajina tai vihjeenantajina. Vihjeenantajat etsiv\u00e4t palvelusta, joista he voivat ansaita vinkkipalkkion.<\/p>\n<p>Annamme k\u00e4ytt\u00e4jillemme mahdollisuuden mainostaa kiinteist\u00f6nv\u00e4lityskohteita ja l\u00f6yt\u00e4\u00e4 kohteille vihjeenantajia, jotka l\u00f6yt\u00e4v\u00e4t kohteille ostajan tai vuokraajan. Lis\u00e4ksi annamme k\u00e4ytt\u00e4jillemme mahdollisuuden etsi\u00e4 v\u00e4litett\u00e4vi\u00e4 kiinteist\u00f6nv\u00e4lityskohteita ilmoitusten joukosta.<\/p>\n<p>Palvelun tuottamiseksi ker\u00e4\u00e4mme k\u00e4ytt\u00e4jin\u00e4 olevien ilmoittajien sek\u00e4 vinkinantajien henkil\u00f6tietoja ja muita yksil\u00f6intitietoja sek\u00e4 ilmoitettavien kiinteist\u00f6jen, asuntojen ja muiden vastaavien kohteiden tietoja.<\/p>\n<p>Kiinteist\u00f6j\u00e4, asuntoja sek\u00e4 muita v\u00e4lityskohteita koskevien ilmoitusten yhteydess\u00e4 ker\u00e4\u00e4mme ja tallennamme k\u00e4ytt\u00e4j\u00e4n j\u00e4tt\u00e4m\u00e4t tiedot ilmoituksesta sek\u00e4 siihen liittyv\u00e4t luvat ja suostumukset mahdollistaaksemme ilmoitusten j\u00e4tt\u00e4misen.<\/p>\n<p>Kaikki vihi -palvelun k\u00e4ytt\u00e4j\u00e4t ovat yrityksi\u00e4, yhteis\u00f6j\u00e4 tai elinkeinoharjoittajia. K\u00e4ytt\u00e4j\u00e4t eiv\u00e4t voi palveluehtojen mukaan olla kuluttajia.<\/p>\n<p><strong>Asiakaspalvelu ja markkinointi<\/strong><\/p>\n<p>Tarjoamme k\u00e4ytt\u00e4jillemme asiakaspalvelua puhelimen, s\u00e4hk\u00f6postin ja verkkopalvelun chatin v\u00e4lityksell\u00e4.<\/p>\n<p><strong>Palvelun turvallisuuden varmistaminen<\/strong><\/p>\n<p>Tarjoamme turvallisen p\u00e4\u00e4syn vihi -palveluun ja todennamme k\u00e4ytt\u00e4jiemme henkil\u00f6llisyyden luotettavasti ja varmennamme yhteystiedot.<\/p>\n<p>Pid\u00e4mme sivustomme ja palvelumme turvallisina ja k\u00e4yt\u00e4mme tietoja suojellaksemme k\u00e4ytt\u00e4ji\u00e4mme.<\/p>\n<p><strong>Yritysmarkkinointi<\/strong><\/p>\n<p>K\u00e4sittelemme tietoja mainostavista asiakkaista sek\u00e4 vihjeenantajista, yhteisty\u00f6kumppaneista ja heid\u00e4n ty\u00f6ntekij\u00f6ist\u00e4\u00e4n markkinoidaksemme palveluamme.<\/p>\n<p>Ker\u00e4\u00e4mme tietoa asiakkaittemme k\u00e4ytt\u00e4ytymisest\u00e4 verkkopalvelussa palvelun kehitt\u00e4miseksi sek\u00e4 palvelun markkinoimiseksi.<\/p>\n<p><strong>Henkil\u00f6tietojen k\u00e4sittely<\/strong><\/p>\n<p>K\u00e4sittelemme k\u00e4ytt\u00e4jiemme henkil\u00f6tietoja joko k\u00e4ytt\u00e4j\u00e4n suostumuksen perusteella, sopimuksen t\u00e4ytt\u00e4miseksi tai oikeutetun edun perusteella. Kun k\u00e4sittely perustuu k\u00e4ytt\u00e4j\u00e4n suostumukseen, k\u00e4ytt\u00e4j\u00e4 voi peruuttaa suostumuksensa milloin tahansa k\u00e4ytt\u00e4j\u00e4tilin asetuksissa.<\/p>\n<p>K\u00e4sittely voi olla v\u00e4ltt\u00e4m\u00e4t\u00f6nt\u00e4 palvelumme mukaisen markkinapaikan tarjoamiseksi k\u00e4ytt\u00e4jille sek\u00e4 varmistaaksemme, ett\u00e4 palvelumme toimii tarkoitetulla tavalla.<\/p>\n<ol start=\"4\">\n<li><strong>K\u00e4sitelt\u00e4v\u00e4t henkil\u00f6tiedot<\/strong><\/li>\n<\/ol>\n<p>&nbsp;<\/p>\n<p>Tallennamme seuraavia henkil\u00f6tietoja<\/p>\n<ul>\n<li>asiakkaan nimi ja yhteystiedot kuten, osoite, puhelinnumero ja s\u00e4hk\u00f6postiosoite<\/li>\n<li>y-tunnus sek\u00e4 yrityksen edustajan tai asiakkaana olevan elinkeinonharjoittajan syntym\u00e4aika<\/li>\n<li>K\u00e4ytt\u00e4j\u00e4tilin edellytt\u00e4m\u00e4t rekister\u00f6itymistiedot, kuten k\u00e4ytt\u00e4j\u00e4tunnus, salasana ja muu mahdollinen yksil\u00f6iv\u00e4 tunnus<\/li>\n<li>demografiatiedot kuten ik\u00e4, arvo tai ammatti<\/li>\n<li>k\u00e4ytt\u00e4j\u00e4n j\u00e4tt\u00e4m\u00e4n kiinteist\u00f6nv\u00e4lityskohdetta koskevan ilmoituksen tiedot ja valokuvat<\/li>\n<li>asiakassuhdetta koskevat tiedot kuten laskutus- ja maksutiedot<\/li>\n<li>asiakaspalautteet ja yhteydenotot<\/li>\n<li>k\u00e4ytt\u00e4j\u00e4n antamat profiilitiedot<\/li>\n<li>luvat ja suostumukset<\/li>\n<li>kyselyihin ja tutkimuksiin annetut tiedot<\/li>\n<\/ul>\n<p>Voimme lis\u00e4ksi k\u00e4sitell\u00e4 muita mahdollisia k\u00e4ytt\u00e4j\u00e4n itsens\u00e4 antamia tietoja.<\/p>\n<ol start=\"5\">\n<li><strong>S\u00e4\u00e4nn\u00f6nmukaiset tietol\u00e4hteet<\/strong><\/li>\n<\/ol>\n<p>Rekisteriin sis\u00e4ltyvien tietojen s\u00e4\u00e4nn\u00f6nmukaisia tietol\u00e4hteit\u00e4 ovat rekister\u00f6idyt itse sek\u00e4 erilaiset hakemistot, rekisterit ja muut julkiset tietol\u00e4hteet, kuten yritystietoj\u00e4rjestelm\u00e4 ja luottotietorekisterit.<\/p>\n<p>Palveluntarjoaja voi my\u00f6s hankkia rekisterin perustietoja ja p\u00e4ivitt\u00e4\u00e4 niit\u00e4 koskevia palveluja niit\u00e4 tarjoavilta yrityksilt\u00e4 ja viranomaisilta.<\/p>\n<ol start=\"6\">\n<li><strong>Miten henkil\u00f6tietoja jaetaan muiden osapuolten kanssa<\/strong><\/li>\n<\/ol>\n<p>Vihi.fi -palvelun k\u00e4ytt\u00e4jille jaetaan palvelun mukaisen kaikki v\u00e4lityskohteiden tiedot sek\u00e4 k\u00e4ytt\u00e4j\u00e4n yhteystiedot palvelun toteuttamiseksi palveluun rekister\u00f6ityneelle k\u00e4ytt\u00e4jille.<\/p>\n<p>Tietoja ei luovuteta s\u00e4\u00e4nn\u00f6nmukaisesti sivullisille.<\/p>\n<p>Tietoja s\u00e4ilytet\u00e4\u00e4n ainoastaan Euroopan unionin tai Euroopan talousalueen alueella.<\/p>\n<ol start=\"7\">\n<li><strong> Rekisterin suojauksen periaatteet<\/strong><\/li>\n<\/ol>\n<p>Palvelutarjoaja j\u00e4rjest\u00e4\u00e4 rekisterin tietoturvan yleisesti hyv\u00e4ksytt\u00e4v\u00e4ll\u00e4 tavalla sek\u00e4 pyrkii asianmukaisin teknisin ratkaisuin est\u00e4m\u00e4\u00e4n asiattomien p\u00e4\u00e4syn niin s\u00e4hk\u00f6isiin tietoj\u00e4rjestelmiins\u00e4 kuin manuaalisesti yll\u00e4pidett\u00e4viin ja s\u00e4ilytett\u00e4viin aineistoihinsa.<\/p>\n<p>Muun kuin s\u00e4hk\u00f6isen aineiston osalta tietoturvasta huolehditaan asianmukaisilla lukituksilla sek\u00e4 elektronisella valvonnalla. P\u00e4\u00e4sy s\u00e4hk\u00f6isesti yll\u00e4pidett\u00e4viin rekistereihin edellytt\u00e4\u00e4 henkil\u00f6kohtaisen k\u00e4ytt\u00e4j\u00e4tunnuksen ja salasanan antamista.<\/p>\n<ol start=\"8\">\n<li><strong> Tarkastus-, kielto- ja korjausoikeus<\/strong><\/li>\n<\/ol>\n<p>Rekister\u00f6idyll\u00e4 on henkil\u00f6tietolain mukainen oikeus tarkastaa, mit\u00e4 h\u00e4nt\u00e4 koskevia tietoja rekisteriin on talletettu l\u00e4hett\u00e4m\u00e4ll\u00e4 tarkastuspyynt\u00f6 rekisterinpit\u00e4j\u00e4lle. Tarkastuspyynn\u00f6n on oltava kirjallinen ja allekirjoitettu tai se voidaan vaihtoehtoisesti tehd\u00e4 henkil\u00f6kohtaisesti yhti\u00f6n toimitiloissa.<\/p>\n<p>Rekister\u00f6idyll\u00e4 on oikeus vaatia rekisterinpit\u00e4j\u00e4\u00e4 korjaamaan virheellinen tieto sek\u00e4 oikeus kielt\u00e4\u00e4 yhti\u00f6t\u00e4 k\u00e4sittelem\u00e4st\u00e4 h\u00e4nt\u00e4 koskevia tietoja ja luovuttamasta tietoja suoramainontaa, et\u00e4myynti\u00e4 ja muuta suoramarkkinointia sek\u00e4 markkina- ja mielipidetutkimuksia varten.<\/p>\n<ol start=\"9\">\n<li><strong> Tietojen s\u00e4ilytysaika<\/strong><\/li>\n<\/ol>\n<p>Rekisterinpit\u00e4j\u00e4 s\u00e4ilytt\u00e4\u00e4 k\u00e4ytt\u00e4jien henkil\u00f6tietoja vain niin kauan kuin se on v\u00e4ltt\u00e4m\u00e4t\u00f6nt\u00e4 tietojen ker\u00e4\u00e4misen tarkoituksen t\u00e4ytt\u00e4miseksi.<\/p>\n<p>S\u00e4ilyt\u00e4mme k\u00e4ytt\u00e4j\u00e4n k\u00e4ytt\u00e4j\u00e4tilitietoja niin kauan kuin k\u00e4ytt\u00e4j\u00e4 on aktiivisesti k\u00e4ytt\u00e4nyt k\u00e4ytt\u00e4j\u00e4tunnusta viimeisten 3 vuoden aikana.<\/p>\n<p>K\u00e4ytt\u00e4j\u00e4tilit, jotka eiv\u00e4t ole olleet aktiivisia 3 vuoteen poistetaan, ellei tietojen s\u00e4ilytt\u00e4miselle ole lain edellytt\u00e4m\u00e4\u00e4 pidemp\u00e4\u00e4 s\u00e4ilytysaikaa.<\/p>\n<p>S\u00e4ilyt\u00e4mme k\u00e4ytt\u00e4ytymiseen liittyvi\u00e4 ja teknisi\u00e4 tietoja tuotteiden kehitt\u00e4miseksi, sis\u00e4ll\u00f6n personoimiseksi, turvallisuuslokin ja palvelun vakauden\/suorituskyvyn lokin pit\u00e4miseksi ja mainostarkoituksiin 12 kuukauden ajan.<\/p>\n<ol start=\"10\">\n<li><strong> K\u00e4ytt\u00e4j\u00e4n ja rekister\u00f6idyn oikeudet<\/strong><\/li>\n<\/ol>\n<p><strong>Oikeus saada tietoa<\/strong><\/p>\n<p>Rekister\u00f6idyll\u00e4 on oikeus saada tieto kaikista rekisteriin kirjatuista tiedoista.<\/p>\n<p><strong>Oikeus vaatia tietojen oikaisemista<\/strong><\/p>\n<p>Jos tiedot eiv\u00e4t pid\u00e4 paikkaansa, k\u00e4ytt\u00e4j\u00e4ll\u00e4 on oikeus vaatia korjaamaan.<\/p>\n<p>Korjauspyynn\u00f6n tulee l\u00e4hett\u00e4\u00e4 osoitteeseen contact@inandout.fi<\/p>\n<p><strong>Oikeus vaatia tietojen poistamista<\/strong><\/p>\n<p>K\u00e4ytt\u00e4j\u00e4t voivat pyyt\u00e4\u00e4 henkil\u00f6tietojensa poistamista l\u00e4hett\u00e4m\u00e4ll\u00e4 allekirjoitettu tietojenpoistopyynt\u00f6.<\/p>\n<p><strong>Oikeus rajoittaa henkil\u00f6tietojen k\u00e4sittely\u00e4 ja oikeus vastustaa henkil\u00f6tietojen k\u00e4sittely\u00e4<\/strong><\/p>\n<p>K\u00e4ytt\u00e4j\u00e4ll\u00e4 on my\u00f6s oikeus vaatia In and Out Oy:ta rajoittamaan henkil\u00f6tietojensa k\u00e4sittely\u00e4.<\/p>\n<p>K\u00e4ytt\u00e4j\u00e4t voivat muuttaa suostumuksiaan henkil\u00f6tietojen k\u00e4ytt\u00f6\u00f6n tuotekehityst\u00e4, mainontaa, asiakaspalvelua ja viestint\u00e4\u00e4, kuten\u00a0 uutiskirjeit\u00e4 ja s\u00e4hk\u00f6posteja varten ottamalla yhteytt\u00e4 palveluntarjoajaan l\u00e4hett\u00e4m\u00e4ll\u00e4 s\u00e4hk\u00f6postia osoitteeseen contact@inandout.fi ja pyyt\u00e4\u00e4 rajoitusta tai vastustaa henkil\u00f6tietojen k\u00e4sittely\u00e4.<\/p>\n<p>Jos olette tyytym\u00e4tt\u00f6min\u00e4 tietosuojaan tai henkil\u00f6tietojen k\u00e4sittelyymme, voitte saattaa kysymyksenne Tietosuojavaltuutetun toimiston k\u00e4sitelt\u00e4v\u00e4ksi.<\/p>\n<p>Tietosuojavaltuutetun toimisto<\/p>\n<p>K\u00e4yntiosoite: Lintulahdenkuja 4, 00530 Helsinki<\/p>\n<p>Postiosoite: PL 800, 00531 Helsinki<\/p>\n<p>S\u00e4hk\u00f6posti: tietosuoja(at)om.fi<\/p>\n<p>Puhelinvaihde: 029 566 6700<\/p>\n<p>Kirjaamo: 029 566 6768[\/vc_column_text][\/vc_column][\/vc_row]<\/p>\n<\/div>","protected":false},"excerpt":{"rendered":"<p>[vc_row][vc_column][vc_empty_space height=&#187;50&#8243;][vc_column_text el_class=&#187;decorative&#187;] TIETOSUOJASELOSTE [\/vc_column_text][vc_column_text]T\u00e4m\u00e4n ilmoituksen tarkoituksena on antaa tietosuoja-asetuksen (GDPR) edellytt\u00e4m\u00e4t tiedot rekister\u00f6idyille sek\u00e4 valvovalle viranomaiselle. Rekister\u00f6idyll\u00e4 tarkoitetaan sit\u00e4, jonka henkil\u00f6tietoja on j\u00e4ljemp\u00e4n\u00e4 mainitun rekisterinpit\u00e4j\u00e4n rekistereiss\u00e4. T\u00e4ss\u00e4 selosteessa esit\u00e4mme, mit\u00e4 henkil\u00f6tietoja ker\u00e4\u00e4mme ja miksi, kenen kanssa voimme jakaa tietoja, ja miten voit palveluidemme k\u00e4ytt\u00e4j\u00e4n\u00e4 k\u00e4ytt\u00e4\u00e4 henkil\u00f6tietojen k\u00e4sittelyyn liittyvi\u00e4 oikeuksiasi. Rekisterinpit\u00e4j\u00e4 In and Out Oy, &#8230; <a title=\"Tietosuojaseloste\" class=\"read-more\" href=\"https:\/\/inandout.fi\/ru\/tietosuojaseloste\/\" aria-label=\"More on Tietosuojaseloste\">Read more<\/a><\/p>\n","protected":false},"author":1,"featured_media":0,"parent":0,"menu_order":0,"comment_status":"closed","ping_status":"closed","template":"","meta":{"_acf_changed":false,"footnotes":""},"class_list":["post-2093","page","type-page","status-publish"],"acf":[],"yoast_head":"<!-- This site is optimized with the Yoast SEO plugin v27.3 - https:\/\/yoast.com\/product\/yoast-seo-wordpress\/ -->\n<title>Tietosuojaseloste - In and Out<\/title>\n<meta name=\"robots\" content=\"index, follow, max-snippet:-1, max-image-preview:large, max-video-preview:-1\" \/>\n<link rel=\"canonical\" href=\"https:\/\/inandout.fi\/ru\/tietosuojaseloste\/\" \/>\n<meta property=\"og:locale\" content=\"ru_RU\" \/>\n<meta property=\"og:type\" content=\"article\" \/>\n<meta property=\"og:title\" content=\"Tietosuojaseloste - In and Out\" \/>\n<meta property=\"og:description\" content=\"[vc_row][vc_column][vc_empty_space height=&#187;50&#8243;][vc_column_text el_class=&#187;decorative&#187;] TIETOSUOJASELOSTE [\/vc_column_text][vc_column_text]T\u00e4m\u00e4n ilmoituksen tarkoituksena on antaa tietosuoja-asetuksen (GDPR) edellytt\u00e4m\u00e4t tiedot rekister\u00f6idyille sek\u00e4 valvovalle viranomaiselle. Rekister\u00f6idyll\u00e4 tarkoitetaan sit\u00e4, jonka henkil\u00f6tietoja on j\u00e4ljemp\u00e4n\u00e4 mainitun rekisterinpit\u00e4j\u00e4n rekistereiss\u00e4. T\u00e4ss\u00e4 selosteessa esit\u00e4mme, mit\u00e4 henkil\u00f6tietoja ker\u00e4\u00e4mme ja miksi, kenen kanssa voimme jakaa tietoja, ja miten voit palveluidemme k\u00e4ytt\u00e4j\u00e4n\u00e4 k\u00e4ytt\u00e4\u00e4 henkil\u00f6tietojen k\u00e4sittelyyn liittyvi\u00e4 oikeuksiasi. Rekisterinpit\u00e4j\u00e4 In and Out Oy, ... Read more\" \/>\n<meta property=\"og:url\" content=\"https:\/\/inandout.fi\/ru\/tietosuojaseloste\/\" \/>\n<meta property=\"og:site_name\" content=\"In and Out\" \/>\n<meta property=\"article:publisher\" content=\"https:\/\/www.facebook.com\/inandout.fi\" \/>\n<meta property=\"article:modified_time\" content=\"2021-06-07T09:02:18+00:00\" \/>\n<meta property=\"og:image\" content=\"https:\/\/inandout.fi\/wp-content\/uploads\/2021\/06\/554345.jpg\" \/>\n\t<meta property=\"og:image:width\" content=\"1920\" \/>\n\t<meta property=\"og:image:height\" content=\"1241\" \/>\n\t<meta property=\"og:image:type\" content=\"image\/jpeg\" \/>\n<meta name=\"twitter:card\" content=\"summary_large_image\" \/>\n<meta name=\"twitter:label1\" content=\"\u041f\u0440\u0438\u043c\u0435\u0440\u043d\u043e\u0435 \u0432\u0440\u0435\u043c\u044f \u0434\u043b\u044f \u0447\u0442\u0435\u043d\u0438\u044f\" \/>\n\t<meta name=\"twitter:data1\" content=\"6 \u043c\u0438\u043d\u0443\u0442\" \/>\n<script type=\"application\/ld+json\" class=\"yoast-schema-graph\">{\"@context\":\"https:\\\/\\\/schema.org\",\"@graph\":[{\"@type\":\"WebPage\",\"@id\":\"https:\\\/\\\/inandout.fi\\\/ru\\\/tietosuojaseloste\\\/\",\"url\":\"https:\\\/\\\/inandout.fi\\\/ru\\\/tietosuojaseloste\\\/\",\"name\":\"Tietosuojaseloste - In and Out\",\"isPartOf\":{\"@id\":\"https:\\\/\\\/inandout.fi\\\/ru\\\/#website\"},\"datePublished\":\"2021-05-25T07:45:22+00:00\",\"dateModified\":\"2021-06-07T09:02:18+00:00\",\"breadcrumb\":{\"@id\":\"https:\\\/\\\/inandout.fi\\\/ru\\\/tietosuojaseloste\\\/#breadcrumb\"},\"inLanguage\":\"ru-RU\",\"potentialAction\":[{\"@type\":\"ReadAction\",\"target\":[\"https:\\\/\\\/inandout.fi\\\/ru\\\/tietosuojaseloste\\\/\"]}]},{\"@type\":\"BreadcrumbList\",\"@id\":\"https:\\\/\\\/inandout.fi\\\/ru\\\/tietosuojaseloste\\\/#breadcrumb\",\"itemListElement\":[{\"@type\":\"ListItem\",\"position\":1,\"name\":\"Home\",\"item\":\"https:\\\/\\\/inandout.fi\\\/ru\\\/\"},{\"@type\":\"ListItem\",\"position\":2,\"name\":\"Tietosuojaseloste\"}]},{\"@type\":\"WebSite\",\"@id\":\"https:\\\/\\\/inandout.fi\\\/ru\\\/#website\",\"url\":\"https:\\\/\\\/inandout.fi\\\/ru\\\/\",\"name\":\"In and Out\",\"description\":\"\",\"publisher\":{\"@id\":\"https:\\\/\\\/inandout.fi\\\/ru\\\/#organization\"},\"potentialAction\":[{\"@type\":\"SearchAction\",\"target\":{\"@type\":\"EntryPoint\",\"urlTemplate\":\"https:\\\/\\\/inandout.fi\\\/ru\\\/?s={search_term_string}\"},\"query-input\":{\"@type\":\"PropertyValueSpecification\",\"valueRequired\":true,\"valueName\":\"search_term_string\"}}],\"inLanguage\":\"ru-RU\"},{\"@type\":\"Organization\",\"@id\":\"https:\\\/\\\/inandout.fi\\\/ru\\\/#organization\",\"name\":\"In and Out Oy\",\"url\":\"https:\\\/\\\/inandout.fi\\\/ru\\\/\",\"logo\":{\"@type\":\"ImageObject\",\"inLanguage\":\"ru-RU\",\"@id\":\"https:\\\/\\\/inandout.fi\\\/ru\\\/#\\\/schema\\\/logo\\\/image\\\/\",\"url\":\"https:\\\/\\\/inandout.fi\\\/wp-content\\\/uploads\\\/2021\\\/05\\\/logo.svg\",\"contentUrl\":\"https:\\\/\\\/inandout.fi\\\/wp-content\\\/uploads\\\/2021\\\/05\\\/logo.svg\",\"width\":290,\"height\":63,\"caption\":\"In and Out Oy\"},\"image\":{\"@id\":\"https:\\\/\\\/inandout.fi\\\/ru\\\/#\\\/schema\\\/logo\\\/image\\\/\"},\"sameAs\":[\"https:\\\/\\\/www.facebook.com\\\/inandout.fi\",\"https:\\\/\\\/www.instagram.com\\\/in_and_out_oy\\\/\"]}]}<\/script>\n<!-- \/ Yoast SEO plugin. -->","yoast_head_json":{"title":"Tietosuojaseloste - In and Out","robots":{"index":"index","follow":"follow","max-snippet":"max-snippet:-1","max-image-preview":"max-image-preview:large","max-video-preview":"max-video-preview:-1"},"canonical":"https:\/\/inandout.fi\/ru\/tietosuojaseloste\/","og_locale":"ru_RU","og_type":"article","og_title":"Tietosuojaseloste - In and Out","og_description":"[vc_row][vc_column][vc_empty_space height=&#187;50&#8243;][vc_column_text el_class=&#187;decorative&#187;] TIETOSUOJASELOSTE [\/vc_column_text][vc_column_text]T\u00e4m\u00e4n ilmoituksen tarkoituksena on antaa tietosuoja-asetuksen (GDPR) edellytt\u00e4m\u00e4t tiedot rekister\u00f6idyille sek\u00e4 valvovalle viranomaiselle. Rekister\u00f6idyll\u00e4 tarkoitetaan sit\u00e4, jonka henkil\u00f6tietoja on j\u00e4ljemp\u00e4n\u00e4 mainitun rekisterinpit\u00e4j\u00e4n rekistereiss\u00e4. T\u00e4ss\u00e4 selosteessa esit\u00e4mme, mit\u00e4 henkil\u00f6tietoja ker\u00e4\u00e4mme ja miksi, kenen kanssa voimme jakaa tietoja, ja miten voit palveluidemme k\u00e4ytt\u00e4j\u00e4n\u00e4 k\u00e4ytt\u00e4\u00e4 henkil\u00f6tietojen k\u00e4sittelyyn liittyvi\u00e4 oikeuksiasi. Rekisterinpit\u00e4j\u00e4 In and Out Oy, ... Read more","og_url":"https:\/\/inandout.fi\/ru\/tietosuojaseloste\/","og_site_name":"In and Out","article_publisher":"https:\/\/www.facebook.com\/inandout.fi","article_modified_time":"2021-06-07T09:02:18+00:00","og_image":[{"width":1920,"height":1241,"url":"https:\/\/inandout.fi\/wp-content\/uploads\/2021\/06\/554345.jpg","type":"image\/jpeg"}],"twitter_card":"summary_large_image","twitter_misc":{"\u041f\u0440\u0438\u043c\u0435\u0440\u043d\u043e\u0435 \u0432\u0440\u0435\u043c\u044f \u0434\u043b\u044f \u0447\u0442\u0435\u043d\u0438\u044f":"6 \u043c\u0438\u043d\u0443\u0442"},"schema":{"@context":"https:\/\/schema.org","@graph":[{"@type":"WebPage","@id":"https:\/\/inandout.fi\/ru\/tietosuojaseloste\/","url":"https:\/\/inandout.fi\/ru\/tietosuojaseloste\/","name":"Tietosuojaseloste - In and Out","isPartOf":{"@id":"https:\/\/inandout.fi\/ru\/#website"},"datePublished":"2021-05-25T07:45:22+00:00","dateModified":"2021-06-07T09:02:18+00:00","breadcrumb":{"@id":"https:\/\/inandout.fi\/ru\/tietosuojaseloste\/#breadcrumb"},"inLanguage":"ru-RU","potentialAction":[{"@type":"ReadAction","target":["https:\/\/inandout.fi\/ru\/tietosuojaseloste\/"]}]},{"@type":"BreadcrumbList","@id":"https:\/\/inandout.fi\/ru\/tietosuojaseloste\/#breadcrumb","itemListElement":[{"@type":"ListItem","position":1,"name":"Home","item":"https:\/\/inandout.fi\/ru\/"},{"@type":"ListItem","position":2,"name":"Tietosuojaseloste"}]},{"@type":"WebSite","@id":"https:\/\/inandout.fi\/ru\/#website","url":"https:\/\/inandout.fi\/ru\/","name":"In and Out","description":"","publisher":{"@id":"https:\/\/inandout.fi\/ru\/#organization"},"potentialAction":[{"@type":"SearchAction","target":{"@type":"EntryPoint","urlTemplate":"https:\/\/inandout.fi\/ru\/?s={search_term_string}"},"query-input":{"@type":"PropertyValueSpecification","valueRequired":true,"valueName":"search_term_string"}}],"inLanguage":"ru-RU"},{"@type":"Organization","@id":"https:\/\/inandout.fi\/ru\/#organization","name":"In and Out Oy","url":"https:\/\/inandout.fi\/ru\/","logo":{"@type":"ImageObject","inLanguage":"ru-RU","@id":"https:\/\/inandout.fi\/ru\/#\/schema\/logo\/image\/","url":"https:\/\/inandout.fi\/wp-content\/uploads\/2021\/05\/logo.svg","contentUrl":"https:\/\/inandout.fi\/wp-content\/uploads\/2021\/05\/logo.svg","width":290,"height":63,"caption":"In and Out Oy"},"image":{"@id":"https:\/\/inandout.fi\/ru\/#\/schema\/logo\/image\/"},"sameAs":["https:\/\/www.facebook.com\/inandout.fi","https:\/\/www.instagram.com\/in_and_out_oy\/"]}]}},"_links":{"self":[{"href":"https:\/\/inandout.fi\/ru\/wp-json\/wp\/v2\/pages\/2093","targetHints":{"allow":["GET"]}}],"collection":[{"href":"https:\/\/inandout.fi\/ru\/wp-json\/wp\/v2\/pages"}],"about":[{"href":"https:\/\/inandout.fi\/ru\/wp-json\/wp\/v2\/types\/page"}],"author":[{"embeddable":true,"href":"https:\/\/inandout.fi\/ru\/wp-json\/wp\/v2\/users\/1"}],"replies":[{"embeddable":true,"href":"https:\/\/inandout.fi\/ru\/wp-json\/wp\/v2\/comments?post=2093"}],"version-history":[{"count":2,"href":"https:\/\/inandout.fi\/ru\/wp-json\/wp\/v2\/pages\/2093\/revisions"}],"predecessor-version":[{"id":3293,"href":"https:\/\/inandout.fi\/ru\/wp-json\/wp\/v2\/pages\/2093\/revisions\/3293"}],"wp:attachment":[{"href":"https:\/\/inandout.fi\/ru\/wp-json\/wp\/v2\/media?parent=2093"}],"curies":[{"name":"wp","href":"https:\/\/api.w.org\/{rel}","templated":true}]}}