{"id":2096,"date":"2021-05-24T10:37:25","date_gmt":"2021-05-24T07:37:25","guid":{"rendered":"https:\/\/inandout.fi\/yritys\/"},"modified":"2022-01-19T13:13:25","modified_gmt":"2022-01-19T11:13:25","slug":"yritys","status":"publish","type":"page","link":"https:\/\/inandout.fi\/ru\/yritys\/","title":{"rendered":"Yritys"},"content":{"rendered":"<div class=\"wpb-content-wrapper\"><p>[vc_row full_width=&#187;stretch_row&#187; bg_type=&#187;bg_color&#187; bg_color_value=&#187;#3b7b32&#8243;][vc_column][vc_column_text el_class=&#187;text-white&#187;]<\/p>\n<h3 style=\"text-align: center;\">In and Out\u00a0Oy<\/h3>\n<h1 style=\"text-align: center;\">On paikallinen vuonna 2008 perustettu kiinteist\u00f6nv\u00e4lityspalvelu<\/h1>\n<p>[\/vc_column_text][\/vc_column][\/vc_row][vc_row full_width=&#187;stretch_row_content&#187; gap=&#187;35&#8243; equal_height=&#187;yes&#187;][vc_column width=&#187;1\/6&#8243; el_class=&#187;mobile-hidden&#187;][\/vc_column][vc_column css_animation=&#187;fadeInLeft&#187; width=&#187;1\/3&#8243;][vc_empty_space height=&#187;50&#8243;][vc_column_text]<\/p>\n<div>\n<h3>YRITYKSEMME SUORITTAA TEHOKKAASTI JA EDULLISESTI KOHTEENNE MYYNNIN.<\/h3>\n<\/div>\n<p>[\/vc_column_text][vc_column_text]<\/p>\n<div>\n<p>Meille kaiken tyyppiset kiinteist\u00f6asiat ovat t\u00e4rkeit\u00e4 ja meille ovat tuttuja niin asunnot, kes\u00e4asunnot, kuin vaikkapa ranta- ja mets\u00e4kiinteist\u00f6t, sek\u00e4 liikekiinteist\u00f6t.<\/p>\n<p><strong>K\u00e4\u00e4ntyk\u00e4\u00e4 luottamuksella puoleemme ja etsit\u00e4\u00e4n yhdess\u00e4 sopiva ratkaisu kiinteist\u00f6asioihinne! <\/strong><\/p>\n<p>In and Out Oy \u2013 aina oikea ratkaisu!<\/p>\n<\/div>\n<p>[\/vc_column_text][vc_empty_space height=&#187;50&#8243;][\/vc_column][vc_column parallax=&#187;content-moving&#187; parallax_image=&#187;1615&#8243; parallax_speed_bg=&#187;1.1&#8243; css_animation=&#187;fadeInRight&#187; width=&#187;1\/2&#8243; el_class=&#187;mobile-hidden&#187;][\/vc_column][\/vc_row][vc_row full_width=&#187;stretch_row_content&#187; gap=&#187;35&#8243; content_placement=&#187;middle&#187; css_animation=&#187;none&#187; bg_type=&#187;image&#187; parallax_style=&#187;vcpb-vz-jquery&#187; bg_image_new=&#187;id^1622|url^https:\/\/inandout.fi\/wp-content\/uploads\/2021\/05\/yksilollista-ja-asiantuntevaa-palvelua.jpg|caption^null|alt^null|title^yksilollista-ja-asiantuntevaa-palvelua|description^null&#187; bg_image_repeat=&#187;no-repeat&#187;][vc_column width=&#187;1\/6&#8243;][vc_empty_space height=&#187;500&#8243;][\/vc_column][vc_column css_animation=&#187;slideInLeft&#187; width=&#187;1\/3&#8243; css=&#187;.vc_custom_1622199218394{background-color: rgba(241,115,26,0.75) !important;*background-color: rgb(241,115,26) !important;}&#187;][vc_empty_space height=&#187;30&#8243;][vc_column_text el_class=&#187;text-white&#187;]<\/p>\n<h2>Yksil\u00f6llist\u00e4 ja asiantuntevaa palvelua<\/h2>\n<p>[\/vc_column_text][vc_empty_space height=&#187;50&#8243;][\/vc_column][vc_column width=&#187;1\/2&#8243;][\/vc_column][\/vc_row][vc_row][vc_column][vc_empty_space height=&#187;50&#8243;][\/vc_column][\/vc_row][vc_row][vc_column width=&#187;1\/2&#8243;][vc_column_text el_class=&#187;interesting-row second&#187;]<\/p>\n<ul>\n<li class=\"elementor-icon-list-item\"><span class=\"elementor-icon-list-text\">Tarjoamme yksil\u00f6llist\u00e4 ja asiantuntevaa palvelua.<\/span><\/li>\n<li class=\"elementor-icon-list-item\"><span class=\"elementor-icon-list-text\">Hoidamme asuntosi myynnin ammattitaitoisesti alusta loppuun.<\/span><\/li>\n<li class=\"elementor-icon-list-item\"><span class=\"elementor-icon-list-text\">Meill\u00e4 on joustavat ty\u00f6ajat.<\/span><\/li>\n<li class=\"elementor-icon-list-item\"><span class=\"elementor-icon-list-text\">Pystymme palvelemaan asiakkaita suomen kielen lis\u00e4ksi my\u00f6s ven\u00e4j\u00e4n ja englannin kielill\u00e4.<\/span><\/li>\n<li class=\"elementor-icon-list-item\"><span class=\"elementor-icon-list-text\">\u00c4lyk\u00e4s markkinointi. Kysy kohteellenne yksil\u00f6llinen markkinointisuunnitelma!<\/span><\/li>\n<\/ul>\n<p>[\/vc_column_text][\/vc_column][vc_column width=&#187;1\/2&#8243;][vc_row_inner content_placement=&#187;middle&#187; el_class=&#187;decorative-separator&#187;][vc_column_inner width=&#187;1\/2&#8243;]<div class=\"smile_icon_list_wrap ult_info_list_container ult-adjust-bottom-margin  \"><ul class=\"smile_icon_list left square with_bg\"><li class=\"icon_list_item\" style=\" font-size:72px;\"><div class=\"icon_list_icon\" data-animation=\"\" data-animation-delay=\"03\" style=\"font-size:24px;border-width:1px;border-style:solid;background:#ffffff;color:#3b7b32;border-color:#3b7b32;\"><i class=\"Defaults-user\" ><\/i><\/div><div class=\"icon_description\" id=\"Info-list-wrap-4094\" style=\"font-size:24px;\"><h3 class=\"ult-responsive info-list-heading\"  data-ultimate-target='#Info-list-wrap-4094 h3'  data-responsive-json-new='{\"font-size\":\"desktop:16px;\",\"line-height\":\"desktop:24px;\"}'  style=\"\">Ensio Pulkkinen (LKV)<\/h3><div class=\"icon_description_text ult-responsive\"  data-ultimate-target='#Info-list-wrap-4094 .icon_description_text'  data-responsive-json-new='{\"font-size\":\"desktop:13px;\",\"line-height\":\"desktop:18px;\"}'  style=\"\"><p>kiinteist\u00f6nv\u00e4litt\u00e4j\u00e4, yritt\u00e4j\u00e4<\/p>\n<\/div><\/div><div class=\"icon_list_connector\" data-animation=\"fadeInUp\" data-animation-delay=\"03\" style=\"border-right-width: 1px;border-right-style: dashed;border-color: #3b7b32;\"><\/div><\/li><li class=\"icon_list_item\" style=\" font-size:72px;\"><div class=\"icon_list_icon\" data-animation=\"\" data-animation-delay=\"03\" style=\"font-size:24px;border-width:1px;border-style:solid;background:#ffffff;color:#3b7b32;border-color:#3b7b32;\"><i class=\"Defaults-phone\" ><\/i><\/div><div class=\"icon_description\" id=\"Info-list-wrap-7060\" style=\"font-size:24px;\"><div class=\"icon_description_text ult-responsive\"  data-ultimate-target='#Info-list-wrap-7060 .icon_description_text'  data-responsive-json-new='{\"font-size\":\"desktop:13px;\",\"line-height\":\"desktop:18px;\"}'  style=\"\"><h3>050-5055330<\/h3>\n<\/div><\/div><div class=\"icon_list_connector\" data-animation=\"fadeInUp\" data-animation-delay=\"03\" style=\"border-right-width: 1px;border-right-style: dashed;border-color: #3b7b32;\"><\/div><\/li><li class=\"icon_list_item\" style=\" font-size:72px;\"><div class=\"icon_list_icon\" data-animation=\"\" data-animation-delay=\"03\" style=\"font-size:24px;border-width:1px;border-style:solid;background:#ffffff;color:#3b7b32;border-color:#3b7b32;\"><i class=\"Defaults-envelope-o\" ><\/i><\/div><div class=\"icon_description\" id=\"Info-list-wrap-7030\" style=\"font-size:24px;\"><h3 class=\"ult-responsive info-list-heading\"  data-ultimate-target='#Info-list-wrap-7030 h3'  data-responsive-json-new='{\"font-size\":\"desktop:16px;\",\"line-height\":\"desktop:24px;\"}'  style=\"\">ensio@inandout.fi<\/h3><div class=\"icon_description_text ult-responsive\"  data-ultimate-target='#Info-list-wrap-7030 .icon_description_text'  data-responsive-json-new='{\"font-size\":\"desktop:13px;\",\"line-height\":\"desktop:18px;\"}'  style=\"\"><\/div><\/div><div class=\"icon_list_connector\" data-animation=\"fadeInUp\" data-animation-delay=\"03\" style=\"border-right-width: 1px;border-right-style: dashed;border-color: #3b7b32;\"><\/div><\/li><\/ul><\/div>[\/vc_column_inner][vc_column_inner width=&#187;1\/2&#8243;][vc_single_image image=&#187;9789&#8243; img_size=&#187;full&#187; alignment=&#187;center&#187; style=&#187;vc_box_circle_2&#8243; css_animation=&#187;fadeIn&#187;][\/vc_column_inner][\/vc_row_inner][vc_row_inner equal_height=&#187;yes&#187; content_placement=&#187;middle&#187;][vc_column_inner width=&#187;1\/2&#8243;]<div class=\"smile_icon_list_wrap ult_info_list_container ult-adjust-bottom-margin  \"><ul class=\"smile_icon_list left square with_bg\"><li class=\"icon_list_item\" style=\" font-size:72px;\"><div class=\"icon_list_icon\" data-animation=\"\" data-animation-delay=\"03\" style=\"font-size:24px;border-width:1px;border-style:solid;background:#ffffff;color:#3b7b32;border-color:#3b7b32;\"><i class=\"Defaults-user\" ><\/i><\/div><div class=\"icon_description\" id=\"Info-list-wrap-6748\" style=\"font-size:24px;\"><h3 class=\"ult-responsive info-list-heading\"  data-ultimate-target='#Info-list-wrap-6748 h3'  data-responsive-json-new='{\"font-size\":\"desktop:16px;\",\"line-height\":\"desktop:24px;\"}'  style=\"\">Olga Pulkkinen (LKV, LVV)<\/h3><div class=\"icon_description_text ult-responsive\"  data-ultimate-target='#Info-list-wrap-6748 .icon_description_text'  data-responsive-json-new='{\"font-size\":\"desktop:13px;\",\"line-height\":\"desktop:18px;\"}'  style=\"\"><p>asuntomyyj\u00e4, yritt\u00e4j\u00e4<\/p>\n<\/div><\/div><div class=\"icon_list_connector\" data-animation=\"fadeInUp\" data-animation-delay=\"03\" style=\"border-right-width: 1px;border-right-style: dashed;border-color: #3b7b32;\"><\/div><\/li><li class=\"icon_list_item\" style=\" font-size:72px;\"><div class=\"icon_list_icon\" data-animation=\"\" data-animation-delay=\"03\" style=\"font-size:24px;border-width:1px;border-style:solid;background:#ffffff;color:#3b7b32;border-color:#3b7b32;\"><i class=\"Defaults-phone\" ><\/i><\/div><div class=\"icon_description\" id=\"Info-list-wrap-5064\" style=\"font-size:24px;\"><div class=\"icon_description_text ult-responsive\"  data-ultimate-target='#Info-list-wrap-5064 .icon_description_text'  data-responsive-json-new='{\"font-size\":\"desktop:13px;\",\"line-height\":\"desktop:18px;\"}'  style=\"\"><h3>050-5051304<\/h3>\n<\/div><\/div><div class=\"icon_list_connector\" data-animation=\"fadeInUp\" data-animation-delay=\"03\" style=\"border-right-width: 1px;border-right-style: dashed;border-color: #3b7b32;\"><\/div><\/li><li class=\"icon_list_item\" style=\" font-size:72px;\"><div class=\"icon_list_icon\" data-animation=\"\" data-animation-delay=\"03\" style=\"font-size:24px;border-width:1px;border-style:solid;background:#ffffff;color:#3b7b32;border-color:#3b7b32;\"><i class=\"Defaults-envelope-o\" ><\/i><\/div><div class=\"icon_description\" id=\"Info-list-wrap-7256\" style=\"font-size:24px;\"><h3 class=\"ult-responsive info-list-heading\"  data-ultimate-target='#Info-list-wrap-7256 h3'  data-responsive-json-new='{\"font-size\":\"desktop:16px;\",\"line-height\":\"desktop:24px;\"}'  style=\"\">olga@inandout.fi<\/h3><div class=\"icon_description_text ult-responsive\"  data-ultimate-target='#Info-list-wrap-7256 .icon_description_text'  data-responsive-json-new='{\"font-size\":\"desktop:13px;\",\"line-height\":\"desktop:18px;\"}'  style=\"\"><\/div><\/div><div class=\"icon_list_connector\" data-animation=\"fadeInUp\" data-animation-delay=\"03\" style=\"border-right-width: 1px;border-right-style: dashed;border-color: #3b7b32;\"><\/div><\/li><\/ul><\/div>[\/vc_column_inner][vc_column_inner width=&#187;1\/2&#8243;][vc_single_image image=&#187;1646&#8243; img_size=&#187;full&#187; alignment=&#187;center&#187; style=&#187;vc_box_circle_2&#8243; css_animation=&#187;fadeIn&#187;][\/vc_column_inner][\/vc_row_inner][\/vc_column][\/vc_row][vc_row][vc_column][vc_empty_space height=&#187;50&#8243;][\/vc_column][\/vc_row][vc_row full_width=&#187;stretch_row_content&#187; gap=&#187;35&#8243; equal_height=&#187;yes&#187; css=&#187;.vc_custom_1622209635644{background-color: #f4f4f4 !important;}&#187;][vc_column parallax=&#187;content-moving&#187; parallax_image=&#187;1692&#8243; parallax_speed_bg=&#187;1.1&#8243; css_animation=&#187;fadeInLeft&#187; width=&#187;1\/4&#8243; el_class=&#187;mobile-hidden&#187;][\/vc_column][vc_column css_animation=&#187;fadeInRight&#187; width=&#187;3\/4&#8243;][vc_column_text el_class=&#187;decorative mobile-smaller&#187;]<\/p>\n<h3>TEHOKKUUTEMME<\/h3>\n<p>[\/vc_column_text][vc_column_text el_class=&#187;interesting-row second&#187;]<\/p>\n<ul>\n<li class=\"elementor-icon-list-item\"><span class=\"elementor-icon-list-text\">Kohteemme l\u00f6ytyv\u00e4t internetist\u00e4 omilta kotisivuiltamme, sek\u00e4 suomalaisilta asuntojen hakusivustoilta<\/span><\/li>\n<li class=\"elementor-icon-list-item\"><span class=\"elementor-icon-list-text\">Ilmoitamme paikallisissa sanomalehdiss\u00e4 (Uutisvuoksi, Etel\u00e4 Saimaa, Imatralainen), liikekohteita (Kauppalehti). Tarvittaessa ilmoitamme my\u00f6s muiden alueiden lehdiss\u00e4.<\/span><\/li>\n<li class=\"elementor-icon-list-item\"><span class=\"elementor-icon-list-text\">Voimme myyd\u00e4 kohdettanne my\u00f6s Huutokaupat.com-palvelussa erikseen sovittaessa.<\/span><\/li>\n<li class=\"elementor-icon-list-item\"><span class=\"elementor-icon-list-text\">Halutessanne kohdetta voidaan markkinoida my\u00f6s Ven\u00e4j\u00e4lle. Ven\u00e4j\u00e4nkieliset ilmoitukset l\u00f6ytyv\u00e4t kotisivujemme lis\u00e4ksi ven\u00e4l\u00e4isten suosimmalta prian.ru \u2013 hakusivustolta.<\/span><\/li>\n<li class=\"elementor-icon-list-item\"><span class=\"elementor-icon-list-text\">Kohdeilmoituksia on esill\u00e4 toimistomme ikkunassa ja meid\u00e4n sosiaalisissa medioissa.<\/span><\/li>\n<li class=\"elementor-icon-list-item\"><span class=\"elementor-icon-list-text\">Sopivista kohteista voimme my\u00f6s vinkata asiakkaillemme, jotka eiv\u00e4t etsi kohteita aktiivisesti<\/span><\/li>\n<\/ul>\n<p>[\/vc_column_text][\/vc_column][\/vc_row]<\/p>\n<\/div>","protected":false},"excerpt":{"rendered":"<p>[vc_row full_width=&#187;stretch_row&#187; bg_type=&#187;bg_color&#187; bg_color_value=&#187;#3b7b32&#8243;][vc_column][vc_column_text el_class=&#187;text-white&#187;] In and Out\u00a0Oy On paikallinen vuonna 2008 perustettu kiinteist\u00f6nv\u00e4lityspalvelu [\/vc_column_text][\/vc_column][\/vc_row][vc_row full_width=&#187;stretch_row_content&#187; gap=&#187;35&#8243; equal_height=&#187;yes&#187;][vc_column width=&#187;1\/6&#8243; el_class=&#187;mobile-hidden&#187;][\/vc_column][vc_column css_animation=&#187;fadeInLeft&#187; width=&#187;1\/3&#8243;][vc_empty_space height=&#187;50&#8243;][vc_column_text] YRITYKSEMME SUORITTAA TEHOKKAASTI JA EDULLISESTI KOHTEENNE MYYNNIN. [\/vc_column_text][vc_column_text] Meille kaiken tyyppiset kiinteist\u00f6asiat ovat t\u00e4rkeit\u00e4 ja meille ovat tuttuja niin asunnot, kes\u00e4asunnot, kuin vaikkapa ranta- ja mets\u00e4kiinteist\u00f6t, sek\u00e4 liikekiinteist\u00f6t. K\u00e4\u00e4ntyk\u00e4\u00e4 luottamuksella puoleemme ja &#8230; <a title=\"Yritys\" class=\"read-more\" href=\"https:\/\/inandout.fi\/ru\/yritys\/\" aria-label=\"More on Yritys\">Read more<\/a><\/p>\n","protected":false},"author":1,"featured_media":0,"parent":0,"menu_order":0,"comment_status":"closed","ping_status":"closed","template":"","meta":{"_acf_changed":false,"footnotes":""},"class_list":["post-2096","page","type-page","status-publish"],"acf":[],"yoast_head":"<!-- This site is optimized with the Yoast SEO plugin v27.3 - https:\/\/yoast.com\/product\/yoast-seo-wordpress\/ -->\n<title>Yritys - In and Out<\/title>\n<meta name=\"robots\" content=\"index, follow, max-snippet:-1, max-image-preview:large, max-video-preview:-1\" \/>\n<link rel=\"canonical\" href=\"https:\/\/inandout.fi\/ru\/yritys\/\" \/>\n<meta property=\"og:locale\" content=\"ru_RU\" \/>\n<meta property=\"og:type\" content=\"article\" \/>\n<meta property=\"og:title\" content=\"Yritys - In and Out\" \/>\n<meta property=\"og:description\" content=\"[vc_row full_width=&#187;stretch_row&#187; bg_type=&#187;bg_color&#187; bg_color_value=&#187;#3b7b32&#8243;][vc_column][vc_column_text el_class=&#187;text-white&#187;] In and Out\u00a0Oy On paikallinen vuonna 2008 perustettu kiinteist\u00f6nv\u00e4lityspalvelu [\/vc_column_text][\/vc_column][\/vc_row][vc_row full_width=&#187;stretch_row_content&#187; gap=&#187;35&#8243; equal_height=&#187;yes&#187;][vc_column width=&#187;1\/6&#8243; el_class=&#187;mobile-hidden&#187;][\/vc_column][vc_column css_animation=&#187;fadeInLeft&#187; width=&#187;1\/3&#8243;][vc_empty_space height=&#187;50&#8243;][vc_column_text] YRITYKSEMME SUORITTAA TEHOKKAASTI JA EDULLISESTI KOHTEENNE MYYNNIN. [\/vc_column_text][vc_column_text] Meille kaiken tyyppiset kiinteist\u00f6asiat ovat t\u00e4rkeit\u00e4 ja meille ovat tuttuja niin asunnot, kes\u00e4asunnot, kuin vaikkapa ranta- ja mets\u00e4kiinteist\u00f6t, sek\u00e4 liikekiinteist\u00f6t. K\u00e4\u00e4ntyk\u00e4\u00e4 luottamuksella puoleemme ja ... Read more\" \/>\n<meta property=\"og:url\" content=\"https:\/\/inandout.fi\/ru\/yritys\/\" \/>\n<meta property=\"og:site_name\" content=\"In and Out\" \/>\n<meta property=\"article:publisher\" content=\"https:\/\/www.facebook.com\/inandout.fi\" \/>\n<meta property=\"article:modified_time\" content=\"2022-01-19T11:13:25+00:00\" \/>\n<meta property=\"og:image\" content=\"https:\/\/inandout.fi\/wp-content\/uploads\/2021\/06\/554345.jpg\" \/>\n\t<meta property=\"og:image:width\" content=\"1920\" \/>\n\t<meta property=\"og:image:height\" content=\"1241\" \/>\n\t<meta property=\"og:image:type\" content=\"image\/jpeg\" \/>\n<meta name=\"twitter:card\" content=\"summary_large_image\" \/>\n<meta name=\"twitter:label1\" content=\"\u041f\u0440\u0438\u043c\u0435\u0440\u043d\u043e\u0435 \u0432\u0440\u0435\u043c\u044f \u0434\u043b\u044f \u0447\u0442\u0435\u043d\u0438\u044f\" \/>\n\t<meta name=\"twitter:data1\" content=\"2 \u043c\u0438\u043d\u0443\u0442\u044b\" \/>\n<script type=\"application\/ld+json\" class=\"yoast-schema-graph\">{\"@context\":\"https:\\\/\\\/schema.org\",\"@graph\":[{\"@type\":\"WebPage\",\"@id\":\"https:\\\/\\\/inandout.fi\\\/ru\\\/yritys\\\/\",\"url\":\"https:\\\/\\\/inandout.fi\\\/ru\\\/yritys\\\/\",\"name\":\"Yritys - In and Out\",\"isPartOf\":{\"@id\":\"https:\\\/\\\/inandout.fi\\\/ru\\\/#website\"},\"datePublished\":\"2021-05-24T07:37:25+00:00\",\"dateModified\":\"2022-01-19T11:13:25+00:00\",\"breadcrumb\":{\"@id\":\"https:\\\/\\\/inandout.fi\\\/ru\\\/yritys\\\/#breadcrumb\"},\"inLanguage\":\"ru-RU\",\"potentialAction\":[{\"@type\":\"ReadAction\",\"target\":[\"https:\\\/\\\/inandout.fi\\\/ru\\\/yritys\\\/\"]}]},{\"@type\":\"BreadcrumbList\",\"@id\":\"https:\\\/\\\/inandout.fi\\\/ru\\\/yritys\\\/#breadcrumb\",\"itemListElement\":[{\"@type\":\"ListItem\",\"position\":1,\"name\":\"Home\",\"item\":\"https:\\\/\\\/inandout.fi\\\/ru\\\/\"},{\"@type\":\"ListItem\",\"position\":2,\"name\":\"Yritys\"}]},{\"@type\":\"WebSite\",\"@id\":\"https:\\\/\\\/inandout.fi\\\/ru\\\/#website\",\"url\":\"https:\\\/\\\/inandout.fi\\\/ru\\\/\",\"name\":\"In and Out\",\"description\":\"\",\"publisher\":{\"@id\":\"https:\\\/\\\/inandout.fi\\\/ru\\\/#organization\"},\"potentialAction\":[{\"@type\":\"SearchAction\",\"target\":{\"@type\":\"EntryPoint\",\"urlTemplate\":\"https:\\\/\\\/inandout.fi\\\/ru\\\/?s={search_term_string}\"},\"query-input\":{\"@type\":\"PropertyValueSpecification\",\"valueRequired\":true,\"valueName\":\"search_term_string\"}}],\"inLanguage\":\"ru-RU\"},{\"@type\":\"Organization\",\"@id\":\"https:\\\/\\\/inandout.fi\\\/ru\\\/#organization\",\"name\":\"In and Out Oy\",\"url\":\"https:\\\/\\\/inandout.fi\\\/ru\\\/\",\"logo\":{\"@type\":\"ImageObject\",\"inLanguage\":\"ru-RU\",\"@id\":\"https:\\\/\\\/inandout.fi\\\/ru\\\/#\\\/schema\\\/logo\\\/image\\\/\",\"url\":\"https:\\\/\\\/inandout.fi\\\/wp-content\\\/uploads\\\/2021\\\/05\\\/logo.svg\",\"contentUrl\":\"https:\\\/\\\/inandout.fi\\\/wp-content\\\/uploads\\\/2021\\\/05\\\/logo.svg\",\"width\":290,\"height\":63,\"caption\":\"In and Out Oy\"},\"image\":{\"@id\":\"https:\\\/\\\/inandout.fi\\\/ru\\\/#\\\/schema\\\/logo\\\/image\\\/\"},\"sameAs\":[\"https:\\\/\\\/www.facebook.com\\\/inandout.fi\",\"https:\\\/\\\/www.instagram.com\\\/in_and_out_oy\\\/\"]}]}<\/script>\n<!-- \/ Yoast SEO plugin. -->","yoast_head_json":{"title":"Yritys - In and Out","robots":{"index":"index","follow":"follow","max-snippet":"max-snippet:-1","max-image-preview":"max-image-preview:large","max-video-preview":"max-video-preview:-1"},"canonical":"https:\/\/inandout.fi\/ru\/yritys\/","og_locale":"ru_RU","og_type":"article","og_title":"Yritys - In and Out","og_description":"[vc_row full_width=&#187;stretch_row&#187; bg_type=&#187;bg_color&#187; bg_color_value=&#187;#3b7b32&#8243;][vc_column][vc_column_text el_class=&#187;text-white&#187;] In and Out\u00a0Oy On paikallinen vuonna 2008 perustettu kiinteist\u00f6nv\u00e4lityspalvelu [\/vc_column_text][\/vc_column][\/vc_row][vc_row full_width=&#187;stretch_row_content&#187; gap=&#187;35&#8243; equal_height=&#187;yes&#187;][vc_column width=&#187;1\/6&#8243; el_class=&#187;mobile-hidden&#187;][\/vc_column][vc_column css_animation=&#187;fadeInLeft&#187; width=&#187;1\/3&#8243;][vc_empty_space height=&#187;50&#8243;][vc_column_text] YRITYKSEMME SUORITTAA TEHOKKAASTI JA EDULLISESTI KOHTEENNE MYYNNIN. [\/vc_column_text][vc_column_text] Meille kaiken tyyppiset kiinteist\u00f6asiat ovat t\u00e4rkeit\u00e4 ja meille ovat tuttuja niin asunnot, kes\u00e4asunnot, kuin vaikkapa ranta- ja mets\u00e4kiinteist\u00f6t, sek\u00e4 liikekiinteist\u00f6t. K\u00e4\u00e4ntyk\u00e4\u00e4 luottamuksella puoleemme ja ... Read more","og_url":"https:\/\/inandout.fi\/ru\/yritys\/","og_site_name":"In and Out","article_publisher":"https:\/\/www.facebook.com\/inandout.fi","article_modified_time":"2022-01-19T11:13:25+00:00","og_image":[{"width":1920,"height":1241,"url":"https:\/\/inandout.fi\/wp-content\/uploads\/2021\/06\/554345.jpg","type":"image\/jpeg"}],"twitter_card":"summary_large_image","twitter_misc":{"\u041f\u0440\u0438\u043c\u0435\u0440\u043d\u043e\u0435 \u0432\u0440\u0435\u043c\u044f \u0434\u043b\u044f \u0447\u0442\u0435\u043d\u0438\u044f":"2 \u043c\u0438\u043d\u0443\u0442\u044b"},"schema":{"@context":"https:\/\/schema.org","@graph":[{"@type":"WebPage","@id":"https:\/\/inandout.fi\/ru\/yritys\/","url":"https:\/\/inandout.fi\/ru\/yritys\/","name":"Yritys - In and Out","isPartOf":{"@id":"https:\/\/inandout.fi\/ru\/#website"},"datePublished":"2021-05-24T07:37:25+00:00","dateModified":"2022-01-19T11:13:25+00:00","breadcrumb":{"@id":"https:\/\/inandout.fi\/ru\/yritys\/#breadcrumb"},"inLanguage":"ru-RU","potentialAction":[{"@type":"ReadAction","target":["https:\/\/inandout.fi\/ru\/yritys\/"]}]},{"@type":"BreadcrumbList","@id":"https:\/\/inandout.fi\/ru\/yritys\/#breadcrumb","itemListElement":[{"@type":"ListItem","position":1,"name":"Home","item":"https:\/\/inandout.fi\/ru\/"},{"@type":"ListItem","position":2,"name":"Yritys"}]},{"@type":"WebSite","@id":"https:\/\/inandout.fi\/ru\/#website","url":"https:\/\/inandout.fi\/ru\/","name":"In and Out","description":"","publisher":{"@id":"https:\/\/inandout.fi\/ru\/#organization"},"potentialAction":[{"@type":"SearchAction","target":{"@type":"EntryPoint","urlTemplate":"https:\/\/inandout.fi\/ru\/?s={search_term_string}"},"query-input":{"@type":"PropertyValueSpecification","valueRequired":true,"valueName":"search_term_string"}}],"inLanguage":"ru-RU"},{"@type":"Organization","@id":"https:\/\/inandout.fi\/ru\/#organization","name":"In and Out Oy","url":"https:\/\/inandout.fi\/ru\/","logo":{"@type":"ImageObject","inLanguage":"ru-RU","@id":"https:\/\/inandout.fi\/ru\/#\/schema\/logo\/image\/","url":"https:\/\/inandout.fi\/wp-content\/uploads\/2021\/05\/logo.svg","contentUrl":"https:\/\/inandout.fi\/wp-content\/uploads\/2021\/05\/logo.svg","width":290,"height":63,"caption":"In and Out Oy"},"image":{"@id":"https:\/\/inandout.fi\/ru\/#\/schema\/logo\/image\/"},"sameAs":["https:\/\/www.facebook.com\/inandout.fi","https:\/\/www.instagram.com\/in_and_out_oy\/"]}]}},"_links":{"self":[{"href":"https:\/\/inandout.fi\/ru\/wp-json\/wp\/v2\/pages\/2096","targetHints":{"allow":["GET"]}}],"collection":[{"href":"https:\/\/inandout.fi\/ru\/wp-json\/wp\/v2\/pages"}],"about":[{"href":"https:\/\/inandout.fi\/ru\/wp-json\/wp\/v2\/types\/page"}],"author":[{"embeddable":true,"href":"https:\/\/inandout.fi\/ru\/wp-json\/wp\/v2\/users\/1"}],"replies":[{"embeddable":true,"href":"https:\/\/inandout.fi\/ru\/wp-json\/wp\/v2\/comments?post=2096"}],"version-history":[{"count":13,"href":"https:\/\/inandout.fi\/ru\/wp-json\/wp\/v2\/pages\/2096\/revisions"}],"predecessor-version":[{"id":9840,"href":"https:\/\/inandout.fi\/ru\/wp-json\/wp\/v2\/pages\/2096\/revisions\/9840"}],"wp:attachment":[{"href":"https:\/\/inandout.fi\/ru\/wp-json\/wp\/v2\/media?parent=2096"}],"curies":[{"name":"wp","href":"https:\/\/api.w.org\/{rel}","templated":true}]}}